
{"id":122,"date":"2014-09-15T11:58:47","date_gmt":"2014-09-15T11:58:47","guid":{"rendered":"http:\/\/silonchantait.fr\/WordPress\/?page_id=122"},"modified":"2014-11-10T16:01:45","modified_gmt":"2014-11-10T16:01:45","slug":"historique-du-bureau","status":"publish","type":"page","link":"https:\/\/silonchantait.fr\/WordPress\/presentation\/composition-du-bureau-2\/composition-du-bureau\/historique-du-bureau\/","title":{"rendered":"Historique du Bureau"},"content":{"rendered":"<p><span style=\"color: #000000; font-size: 12pt;\">Depuis sa cr\u00e9ation, 3 Chefs de Choeur ont \u00e9volu\u00e9 au sein de \u00ab\u00a0Si l&rsquo;on Chantait\u00a0\u00bb. Le bureau a \u00e9galement \u00e9t\u00e9 remani\u00e9\u00a0plusieurs fois.<\/span><\/p>\n<p><span style=\"color: #800000; font-size: 12pt;\"><strong><em>Chefs de Choeur :<\/em><\/strong><\/span><\/p>\n<ul>\n<li><span style=\"font-size: 10pt;\"><strong>1998 \/2002 : <\/strong><span style=\"color: #ff00ff;\"><strong>Sissi LHOUMEAU<\/strong><\/span><\/span><\/li>\n<li><span style=\"font-size: 10pt;\"><strong>2002\/2009 : <\/strong><span style=\"color: #ff00ff;\"><strong>Nathalie BETAIMI<\/strong><\/span><\/span><\/li>\n<li><span style=\"font-size: 10pt;\"><strong>Depuis 2009 : <\/strong><span style=\"color: #ff00ff;\"><strong>Olivia GALLINA<\/strong><\/span><\/span><\/li>\n<\/ul>\n<p><span style=\"font-size: 12pt;\"><strong><em><span style=\"color: #800000;\">Bureau :<\/span><\/em><\/strong><\/span><\/p>\n<ul>\n<li><span style=\"font-size: 10pt;\"><strong>1998 \/ 2007 : <\/strong><span style=\"color: #008000;\"><strong>Pr\u00e9sidente : Genevi\u00e8ve LETOURNEAU<\/strong><\/span><\/span>\n<ul>\n<li><span style=\"font-size: 10pt;\"><span style=\"color: #000000;\">Tr\u00e9sori\u00e8re :<\/span> <span style=\"color: #0000ff;\">Florence MAGNIEN<\/span><\/span><\/li>\n<li><span style=\"font-size: 10pt;\"><span style=\"color: #000000;\">Secr\u00e9taire :<\/span> <span style=\"color: #0000ff;\">Jacqueline MORITEL<\/span><\/span><\/li>\n<\/ul>\n<\/li>\n<li><span style=\"font-size: 10pt;\"><strong>2007 \/ 2013 : <\/strong><span style=\"color: #008000;\"><strong>Pr\u00e9sident : Daniel ROGIC<\/strong><\/span><\/span>\n<ul>\n<li><span style=\"font-size: 10pt;\"><span style=\"color: #000000;\">Tr\u00e9sorier :<\/span> <span style=\"color: #0000ff;\">Hubert PARIS<\/span><\/span><\/li>\n<li><span style=\"font-size: 10pt;\"><span style=\"color: #000000;\">Secr\u00e9taire :<\/span> <span style=\"color: #0000ff;\">Christiane DUBY<\/span><\/span><\/li>\n<\/ul>\n<\/li>\n<li><span style=\"font-size: 10pt;\"><strong>Depuis 2013: <\/strong><span style=\"color: #008000;\"><strong>Pr\u00e9sident : Eric STAMPFER<\/strong><\/span><\/span>\n<ul>\n<li><span style=\"font-size: 10pt;\"><span style=\"color: #000000;\">Tr\u00e9sorier :<\/span> <span style=\"color: #0000ff;\">Hubert PARIS<\/span><\/span><\/li>\n<li><span style=\"font-size: 10pt;\"><span style=\"color: #000000;\">Secr\u00e9taire :<\/span> <span style=\"color: #0000ff;\">Christiane DUBY<\/span><\/span><\/li>\n<\/ul>\n<\/li>\n<\/ul>\n<p><span style=\"color: #000000; font-size: 12pt;\">L&rsquo;assembl\u00e9e G\u00e9n\u00e9rale a g\u00e9n\u00e9ralement lieu courant octobre<\/span><\/p>\n<p>&nbsp;<\/p>\n","protected":false},"excerpt":{"rendered":"<p>Depuis sa cr\u00e9ation, 3 Chefs de Choeur ont \u00e9volu\u00e9 au sein de \u00ab\u00a0Si l&rsquo;on Chantait\u00a0\u00bb. Le bureau a \u00e9galement \u00e9t\u00e9 remani\u00e9\u00a0plusieurs fois. Chefs de Choeur : 1998 \/2002 : Sissi LHOUMEAU 2002\/2009 : Nathalie BETAIMI Depuis 2009 : Olivia GALLINA<span class=\"ellipsis\">&hellip;<\/span><\/p>\n<div class=\"read-more\"><a href=\"https:\/\/silonchantait.fr\/WordPress\/presentation\/composition-du-bureau-2\/composition-du-bureau\/historique-du-bureau\/\">Lire la suite &#8250;<\/a><\/div>\n<p><!-- end of .read-more --><\/p>\n","protected":false},"author":8,"featured_media":0,"parent":125,"menu_order":0,"comment_status":"closed","ping_status":"open","template":"","meta":{"ngg_post_thumbnail":0,"_mc_calendar":[],"footnotes":""},"class_list":["post-122","page","type-page","status-publish","hentry"],"_links":{"self":[{"href":"https:\/\/silonchantait.fr\/WordPress\/wp-json\/wp\/v2\/pages\/122","targetHints":{"allow":["GET"]}}],"collection":[{"href":"https:\/\/silonchantait.fr\/WordPress\/wp-json\/wp\/v2\/pages"}],"about":[{"href":"https:\/\/silonchantait.fr\/WordPress\/wp-json\/wp\/v2\/types\/page"}],"author":[{"embeddable":true,"href":"https:\/\/silonchantait.fr\/WordPress\/wp-json\/wp\/v2\/users\/8"}],"replies":[{"embeddable":true,"href":"https:\/\/silonchantait.fr\/WordPress\/wp-json\/wp\/v2\/comments?post=122"}],"version-history":[{"count":0,"href":"https:\/\/silonchantait.fr\/WordPress\/wp-json\/wp\/v2\/pages\/122\/revisions"}],"up":[{"embeddable":true,"href":"https:\/\/silonchantait.fr\/WordPress\/wp-json\/wp\/v2\/pages\/125"}],"wp:attachment":[{"href":"https:\/\/silonchantait.fr\/WordPress\/wp-json\/wp\/v2\/media?parent=122"}],"curies":[{"name":"wp","href":"https:\/\/api.w.org\/{rel}","templated":true}]}}