
{"id":127,"date":"2014-09-15T12:09:04","date_gmt":"2014-09-15T12:09:04","guid":{"rendered":"http:\/\/silonchantait.fr\/WordPress\/?page_id=127"},"modified":"2015-02-22T13:00:52","modified_gmt":"2015-02-22T11:00:52","slug":"presentation","status":"publish","type":"page","link":"https:\/\/silonchantait.fr\/WordPress\/presentation\/","title":{"rendered":"Pr\u00e9sentation"},"content":{"rendered":"<p><span style=\"color: #000000; font-family: 'comic sans ms', sans-serif;\"><span style=\"color: #0000ff;\"><a style=\"color: #0000ff;\" href=\"http:\/\/127.0.0.1\/silonchantait\/wordpress\/?page_id=1300\">Cr\u00e9\u00e9e en 1998<\/a>,<\/span> la chorale \u00ab\u00a0Si l&rsquo;on Chantait\u00a0\u00bb est situ\u00e9e \u00e0 Sanc\u00e9, commune attenante \u00e0 M\u00e2con en Sa\u00f4ne et Loire.<\/span><\/p>\n<p><span style=\"color: #000000; font-family: 'comic sans ms', sans-serif;\">Elle est compos\u00e9e d&rsquo;une soixantaine de choristes motiv\u00e9s, impliqu\u00e9s et volontaires.<\/span><\/p>\n<p>&nbsp;<\/p>\n<p><span style=\"color: #000000; font-family: 'comic sans ms', sans-serif;\">La rigueur et le dynamisme d\u2019<em><span style=\"color: #ff00ff;\"><strong>Olivia Gallina<\/strong><\/span><\/em>, notre chef de ch\u0153ur, \u00a0nous poussent toujours\u00a0 plus loin pour votre plus grand plaisir. Sous sa direction, nous \u00a0nous \u00e9voluons avec un r\u00e9pertoire vari\u00e9 :<\/span><\/p>\n<ul>\n<li><span style=\"color: #0000ff; font-family: 'comic sans ms', sans-serif;\"><em>Chansons fran\u00e7aises, <\/em><\/span><\/li>\n<li><span style=\"color: #0000ff; font-family: 'comic sans ms', sans-serif;\"><em>Gospels, <\/em><\/span><\/li>\n<li><span style=\"color: #0000ff; font-family: 'comic sans ms', sans-serif;\"><em>Chants sacr\u00e9s, <\/em><\/span><\/li>\n<li><span style=\"color: #0000ff; font-family: 'comic sans ms', sans-serif;\"><em>Op\u00e9ras et Op\u00e9rettes.<\/em><\/span><\/li>\n<\/ul>\n<p><span style=\"font-family: 'comic sans ms', sans-serif; color: #000000;\">Cette diversit\u00e9 permet de mettre en valeur toutes les voix, des plus jeunes aux plus \u00e2g\u00e9es. <span style=\"color: #0000ff;\"><strong>Des voix, nous en recherchons<\/strong><\/span>. Des voix d\u2019hommes, principalement des Basses. Mais aussi des voix jeunes.<\/span><\/p>\n<p>&nbsp;<\/p>\n<p><span style=\"color: #000000; font-family: 'comic sans ms', sans-serif;\">Les r\u00e9p\u00e9titions ont lieu tous les lundis \u00e0 20h15 \u00e0\u00a022H15\u00a0\u00e0 l&rsquo;\u00e9cole de musique de Sanc\u00e9, 3 rue Hector BERLIOZ, derri\u00e8re la mairie.<\/span><\/p>\n","protected":false},"excerpt":{"rendered":"<p>Cr\u00e9\u00e9e en 1998, la chorale \u00ab\u00a0Si l&rsquo;on Chantait\u00a0\u00bb est situ\u00e9e \u00e0 Sanc\u00e9, commune attenante \u00e0 M\u00e2con en Sa\u00f4ne et Loire. Elle est compos\u00e9e d&rsquo;une soixantaine de choristes motiv\u00e9s, impliqu\u00e9s et volontaires. &nbsp; La rigueur et le dynamisme d\u2019Olivia Gallina, notre<span class=\"ellipsis\">&hellip;<\/span><\/p>\n<div class=\"read-more\"><a href=\"https:\/\/silonchantait.fr\/WordPress\/presentation\/\">Lire la suite &#8250;<\/a><\/div>\n<p><!-- end of .read-more --><\/p>\n","protected":false},"author":8,"featured_media":0,"parent":0,"menu_order":0,"comment_status":"closed","ping_status":"open","template":"","meta":{"ngg_post_thumbnail":0,"_mc_calendar":[],"footnotes":""},"class_list":["post-127","page","type-page","status-publish","hentry"],"_links":{"self":[{"href":"https:\/\/silonchantait.fr\/WordPress\/wp-json\/wp\/v2\/pages\/127","targetHints":{"allow":["GET"]}}],"collection":[{"href":"https:\/\/silonchantait.fr\/WordPress\/wp-json\/wp\/v2\/pages"}],"about":[{"href":"https:\/\/silonchantait.fr\/WordPress\/wp-json\/wp\/v2\/types\/page"}],"author":[{"embeddable":true,"href":"https:\/\/silonchantait.fr\/WordPress\/wp-json\/wp\/v2\/users\/8"}],"replies":[{"embeddable":true,"href":"https:\/\/silonchantait.fr\/WordPress\/wp-json\/wp\/v2\/comments?post=127"}],"version-history":[{"count":0,"href":"https:\/\/silonchantait.fr\/WordPress\/wp-json\/wp\/v2\/pages\/127\/revisions"}],"wp:attachment":[{"href":"https:\/\/silonchantait.fr\/WordPress\/wp-json\/wp\/v2\/media?parent=127"}],"curies":[{"name":"wp","href":"https:\/\/api.w.org\/{rel}","templated":true}]}}