
{"id":295,"date":"2014-09-16T18:51:37","date_gmt":"2014-09-16T18:51:37","guid":{"rendered":"http:\/\/silonchantait.fr\/WordPress\/?page_id=295"},"modified":"2015-02-22T13:17:19","modified_gmt":"2015-02-22T11:17:19","slug":"concerts","status":"publish","type":"page","link":"https:\/\/silonchantait.fr\/WordPress\/concerts\/","title":{"rendered":"Concerts"},"content":{"rendered":"<h4 style=\"text-align: justify;\"><span style=\"color: #000000;\"><em><strong><span style=\"color: #008000;\">Une saison 2014-2015 qui s&rsquo;annonce sous les meilleurs auspices<\/span>\u00a0<span style=\"color: #008000;\">:\u00a0<\/span><\/strong><\/em><\/span><\/h4>\n<ul>\n<li><em><strong><span style=\"color: #0000ff; font-size: 14pt;\">le 17 mai 2015<\/span><\/strong><\/em><strong> <span style=\"font-family: 'comic sans ms', sans-serif; color: #000000;\">:<\/span> <span style=\"font-family: 'comic sans ms', sans-serif; color: #000000; font-size: 12pt;\">concert de \u00ab\u00a0Si l&rsquo;on Chantait\u00a0\u00bb en l&rsquo;\u00e9glise de Flac\u00e9 \u00e0 Flac\u00e9 (71)<\/span><\/strong><\/li>\n<\/ul>\n<ul>\n<li><span style=\"color: #0000ff; font-size: 14pt;\"><strong><em>le 11 avril\u00a02015<\/em> <\/strong><\/span><span style=\"font-size: 12pt;\"><span style=\"color: #000000;\"><strong>: <span style=\"color: #000000; font-size: 12pt;\"><span style=\"font-family: 'comic sans ms', sans-serif;\">concert de \u00ab\u00a0Si l&rsquo;on Chantait\u00a0\u00bb \u00e0 l&rsquo;H\u00f4tel Dieu\u00a0\u00e0 M\u00e2con (71)<\/span><\/span><\/strong><\/span><strong>\u00a0<\/strong><\/span><\/li>\n<\/ul>\n<ul>\n<li><span style=\"color: #0000ff; font-size: 14pt;\"><strong><em>le 14 f\u00e9vrier\u00a02015<\/em> <\/strong><\/span><span style=\"font-size: 12pt;\"><span style=\"color: #000000;\"><strong>: <span style=\"color: #000000; font-size: 12pt;\"><span style=\"font-family: 'comic sans ms', sans-serif;\">concert de \u00ab\u00a0Si l&rsquo;on Chantait\u00a0\u00bb \u00e0 la maison de retraite des Charmes \u00e0 Charnay les M\u00e2con (71)<\/span><\/span><\/strong><\/span><strong>\u00a0<\/strong><\/span><\/li>\n<\/ul>\n<ul>\n<li><strong><span style=\"color: #0000ff; font-size: 14pt;\"><em>le 25 janvier 2015<\/em> <\/span><\/strong><span style=\"font-size: 12pt;\"><span style=\"color: #000000;\"><strong>: c<\/strong><span style=\"font-family: 'comic sans ms', sans-serif;\"><strong><span style=\"color: #000000;\">oncert Annuel de \u00ab\u00a0Si l&rsquo;on Chantait\u00a0\u00bb avec la participation de nos amis de la<\/span> <em><a href=\"http:\/\/www.lechoeurenfete.com\/\" target=\"_blank\"><span style=\"font-size: 14pt; color: #800080;\">chorale de Juli\u00e9nas<\/span><\/a><\/em><\/strong>\u00a0<\/span><\/span><strong><span style=\"font-family: 'comic sans ms', sans-serif;\"><span style=\"color: #000000;\">\u00e0 la salle des f\u00eates de Sanc\u00e9 (71)<\/span><\/span><\/strong><\/span><\/li>\n<\/ul>\n<ul>\n<li><span style=\"font-size: 12pt;\"><em><strong><span style=\"font-size: 14pt;\"><span style=\"color: #0000ff;\">Le 9 janvier 2015\u00a0<\/span><\/span><\/strong><\/em><span style=\"font-family: 'comic sans ms', sans-serif;\"><span style=\"color: #000000;\"><strong>\u00a0: participation de \u00ab\u00a0Si l&rsquo;on Chantait\u00a0\u00bb aux v\u0153ux du<\/strong><span style=\"color: #008000;\"><em><span style=\"font-size: 14pt;\"><strong><a href=\"http:\/\/www.sance.fr\/\" target=\"_blank\"><span style=\"color: #800080;\"> Maire de Sanc\u00e9<\/span><\/a><\/strong><\/span>\u00a0<\/em><\/span><strong>\u00e0 la salle des f\u00eates de Sanc\u00e9 (71)<\/strong><\/span><\/span><\/span><\/li>\n<\/ul>\n<ul>\n<li><span style=\"font-size: 14pt;\"><strong><span style=\"color: #0000ff;\"><em>le 14\u00a0d\u00e9cembre 2014<\/em><\/span><\/strong> <\/span><strong><span style=\"color: #000000;\"><span style=\"font-family: 'comic sans ms', sans-serif; font-size: 12pt;\"><strong>:<\/strong> participation au concert de fin d&rsquo;ann\u00e9e de <\/span><\/span><\/strong><span style=\"font-size: 14pt;\"><strong><span style=\"color: #000000;\"><span style=\"font-family: 'comic sans ms', sans-serif;\"><em>l&rsquo;<a href=\"http:\/\/musique.creches.free.fr\/\" target=\"_blank\"><span style=\"color: #800080;\">Harmonie de Cr\u00eaches sur Sa\u00f4ne<\/span><\/a><\/em><\/span><\/span><\/strong><\/span><strong><span style=\"color: #000000;\"><span style=\"font-family: 'comic sans ms', sans-serif;\">\u00a0<\/span><\/span><\/strong><strong><span style=\"color: #000000;\"><span style=\"font-family: 'comic sans ms', sans-serif; font-size: 12pt;\">au Foyer rural de Cr\u00eaches sur <\/span><span style=\"font-family: 'comic sans ms', sans-serif;\">Sa\u00f4ne\u00a0(71) \u00a0<\/span><\/span><\/strong><\/li>\n<\/ul>\n<ul>\n<li><span style=\"font-size: 14pt;\"><strong><em><span style=\"color: #0000ff;\"><strong><span style=\"color: #0000ff;\"><em>le 22\u00a0novembre 2014<\/em><\/span><\/strong>\u00a0<\/span><\/em><\/strong><em><span style=\"color: #0000ff;\"><strong><span style=\"color: #000000;\"><span style=\"font-size: 12pt; font-family: 'comic sans ms', sans-serif;\">:<\/span><\/span><\/strong><\/span><\/em> <span style=\"color: #0000ff;\"><span style=\"font-size: 12pt; font-family: 'comic sans ms', sans-serif;\"><strong><span style=\"color: #000000;\">animation-D\u00e9gustation du Beaujolais nouveau \u00e0 la porte ouverte organis\u00e9e par notre partenaire <\/span><\/strong><em><a href=\"http:\/\/www.hachette-vins.com\/le-guide-hachette-des-vins\/producteurs\/5812\/gerard-ducroux.html\" target=\"_blank\"><span style=\"color: #800080; font-size: 14pt;\">G\u00e9rard Ducroux<\/span><\/a><\/em> &#8211; <strong><span style=\"color: #000000;\">Propri\u00e9taire\u00a0R\u00e9coltant &#8211; \u00e0 Saint Joseph en Beaujolais, commune de\u00a0Villi\u00e9 Morgon (69)<\/span><\/strong><\/span><\/span><\/span><\/li>\n<\/ul>\n<ul>\n<li><span style=\"font-size: 14pt;\"><strong><em><span style=\"color: #0000ff;\">13 novembre 2014<\/span><\/em><span style=\"color: #000000; font-size: 12pt; font-family: 'comic sans ms', sans-serif;\"> : participation aux Ap\u00e9ros Concerts organis\u00e9s dans le cadre des <span style=\"color: #800080;\"><em style=\"color: #800080;\"><a href=\"http:\/\/www.symphonies-automne.fr\/\" target=\"_blank\"><span style=\"font-size: 14pt; color: #800080;\">21\u00e8me Symphonies d&rsquo;Automne<\/span><\/a>\u00a0<\/em><\/span>\u00a0&#8211; Espace Carnot-Montrevel\u00a0\u00e0 M\u00e2con<em> (71)<\/em><\/span><\/strong><\/span><\/li>\n<\/ul>\n<p>&nbsp;<\/p>\n<p><a href=\"https:\/\/silonchantait.fr\/WordPress\/wp-content\/uploads\/2014\/12\/Ap\u00e9ritifs-concerts-131114-1.jpg\"><img loading=\"lazy\" decoding=\"async\" class=\"wp-image-1860 size-full aligncenter\" src=\"https:\/\/silonchantait.fr\/WordPress\/wp-content\/uploads\/2014\/12\/Ap\u00e9ritifs-concerts-131114-1.jpg\" alt=\"Ap\u00e9ritifs concerts 131114 -1\" width=\"600\" height=\"337\" srcset=\"https:\/\/silonchantait.fr\/WordPress\/wp-content\/uploads\/2014\/12\/Ap\u00e9ritifs-concerts-131114-1.jpg 600w, https:\/\/silonchantait.fr\/WordPress\/wp-content\/uploads\/2014\/12\/Ap\u00e9ritifs-concerts-131114-1-300x168.jpg 300w, https:\/\/silonchantait.fr\/WordPress\/wp-content\/uploads\/2014\/12\/Ap\u00e9ritifs-concerts-131114-1-100x56.jpg 100w, https:\/\/silonchantait.fr\/WordPress\/wp-content\/uploads\/2014\/12\/Ap\u00e9ritifs-concerts-131114-1-150x84.jpg 150w, https:\/\/silonchantait.fr\/WordPress\/wp-content\/uploads\/2014\/12\/Ap\u00e9ritifs-concerts-131114-1-200x112.jpg 200w, https:\/\/silonchantait.fr\/WordPress\/wp-content\/uploads\/2014\/12\/Ap\u00e9ritifs-concerts-131114-1-450x252.jpg 450w\" sizes=\"auto, (max-width: 600px) 100vw, 600px\" \/><\/a><\/p>\n<h4 style=\"text-align: justify;\"><span style=\"color: #000000;\"><em><strong><span style=\"color: #008000;\">Une saison 2013-2014 bien remplie<\/span> <span style=\"color: #008000;\">:\u00a0<\/span><\/strong><\/em><\/span><\/h4>\n<ul style=\"text-align: justify;\">\n<li><strong><span style=\"font-size: 12pt;\"><span style=\"color: #0000ff;\"><em>du 17 au 19 juillet 2014<\/em><\/span> <span style=\"font-family: 'comic sans ms', sans-serif; color: #000000;\">: concerts dans la rue \u00e0 Brackenheim en Allemagne,\u00a0ville jumel\u00e9e avec Charnay le M\u00e2con (71), dans le cadre du 40\u00e8me anniversaire de la communaut\u00e9 de commune<\/span><\/span><img loading=\"lazy\" decoding=\"async\" class=\"wp-image-60 size-full aligncenter\" src=\"https:\/\/silonchantait.fr\/WordPress\/wp-content\/uploads\/2014\/09\/Brackenheim-JLS.jpg\" alt=\"Brackenheim-JLS\" width=\"594\" height=\"394\" \/><\/strong><\/li>\n<\/ul>\n<ul style=\"text-align: justify;\">\n<li><strong><span style=\"font-size: 12pt;\"><span style=\"color: #0000ff;\"><em>le 30 mai 2014<\/em><\/span> <span style=\"font-family: 'comic sans ms', sans-serif; color: #000000;\">: concert de Verz\u00e9 organis\u00e9 par le foyer rural de Verz\u00e9 (71)<\/span><\/span><img loading=\"lazy\" decoding=\"async\" class=\"aligncenter wp-image-117\" src=\"https:\/\/silonchantait.fr\/WordPress\/wp-content\/uploads\/2014\/09\/Verze-300514-JLS-300x185.jpg\" alt=\"Verze 300514 JLS\" width=\"404\" height=\"249\" srcset=\"https:\/\/silonchantait.fr\/WordPress\/wp-content\/uploads\/2014\/09\/Verze-300514-JLS-300x185.jpg 300w, https:\/\/silonchantait.fr\/WordPress\/wp-content\/uploads\/2014\/09\/Verze-300514-JLS-100x61.jpg 100w, https:\/\/silonchantait.fr\/WordPress\/wp-content\/uploads\/2014\/09\/Verze-300514-JLS-150x92.jpg 150w, https:\/\/silonchantait.fr\/WordPress\/wp-content\/uploads\/2014\/09\/Verze-300514-JLS-200x123.jpg 200w, https:\/\/silonchantait.fr\/WordPress\/wp-content\/uploads\/2014\/09\/Verze-300514-JLS-450x278.jpg 450w, https:\/\/silonchantait.fr\/WordPress\/wp-content\/uploads\/2014\/09\/Verze-300514-JLS.jpg 594w\" sizes=\"auto, (max-width: 404px) 100vw, 404px\" \/><\/strong><\/li>\n<\/ul>\n<ul style=\"text-align: justify;\">\n<li><strong><span style=\"color: #0000ff; font-size: 12pt;\"><em>le 29 mars 2014<\/em><\/span><span style=\"font-size: 12pt;\">\u00a0<span style=\"color: #000000; font-family: 'comic sans ms', sans-serif;\">: concert \u00e0\u00a0l\u2019H\u00f4tel Dieu \u00e0 M\u00e2con (71)<\/span><\/span><\/strong><\/li>\n<\/ul>\n<ul style=\"text-align: justify;\">\n<li><strong><span style=\"font-size: 12pt;\"><em><span style=\"color: #0000ff;\">le 15\u00a0f\u00e9vrier 2014<\/span><\/em><\/span><span style=\"font-family: 'comic sans ms', sans-serif; font-size: 12pt; color: #000000;\"> : concert \u00e0 la maison de retraite des Charmes \u00e0 Charnay les M\u00e2con (71)<\/span><\/strong><\/li>\n<li style=\"text-align: justify;\"><strong><span style=\"color: #000000;\">\u00a0<span style=\"color: #000000; font-size: 12pt;\"><em><span style=\"color: #0000ff;\">le\u00a026 janvier 2014<\/span><\/em> <span style=\"font-family: 'comic sans ms', sans-serif;\">:\u00a0notre\u00a0Concert Annuel avec la participation de nos amis de la\u00a0Chorale \u00ab\u00a0Chant&rsquo; Anas\u00a0\u00bb \u00a0\u00e0 Arnas (69) pr\u00e8s de Villefranche sur Sa\u00f4ne\u00a0: une soir\u00e9e musicale de qualit\u00e9 qui a ravi les spectateurs<\/span><\/span><\/span><\/strong><\/li>\n<\/ul>\n<ul>\n<li><strong>\u00a0<span style=\"color: #000000; font-size: 12pt;\"><em><span style=\"color: #0000ff;\">le\u00a021 d\u00e9cembre 2013<\/span><\/em><span style=\"font-family: 'comic sans ms', sans-serif;\"> :\u00a0intervention dans le cadre de \u00ab\u00a0Contes et Lumi\u00e8res\u00a0\u00bb, festivit\u00e9s organis\u00e9es par la ville de M\u00e2con\u00a0 (71)\u00a0\u00a0\u00a0\u00a0\u00a0<img loading=\"lazy\" decoding=\"async\" class=\"aligncenter wp-image-63\" src=\"https:\/\/silonchantait.fr\/WordPress\/wp-content\/uploads\/2014\/09\/Contes-et-lumieres-2014-300x199.jpg\" alt=\"Contes et lumieres 2014\" width=\"407\" height=\"270\" srcset=\"https:\/\/silonchantait.fr\/WordPress\/wp-content\/uploads\/2014\/09\/Contes-et-lumieres-2014-300x199.jpg 300w, https:\/\/silonchantait.fr\/WordPress\/wp-content\/uploads\/2014\/09\/Contes-et-lumieres-2014-100x66.jpg 100w, https:\/\/silonchantait.fr\/WordPress\/wp-content\/uploads\/2014\/09\/Contes-et-lumieres-2014-150x99.jpg 150w, https:\/\/silonchantait.fr\/WordPress\/wp-content\/uploads\/2014\/09\/Contes-et-lumieres-2014-200x132.jpg 200w, https:\/\/silonchantait.fr\/WordPress\/wp-content\/uploads\/2014\/09\/Contes-et-lumieres-2014-450x298.jpg 450w, https:\/\/silonchantait.fr\/WordPress\/wp-content\/uploads\/2014\/09\/Contes-et-lumieres-2014-600x398.jpg 600w, https:\/\/silonchantait.fr\/WordPress\/wp-content\/uploads\/2014\/09\/Contes-et-lumieres-2014.jpg 755w\" sizes=\"auto, (max-width: 407px) 100vw, 407px\" \/><\/span><\/span><\/strong><\/li>\n<li style=\"text-align: justify;\"><strong><span style=\"font-size: 12pt;\"><em><span style=\"color: #0000ff;\">Le 23 novembre 2013<\/span><\/em>\u00a0<span style=\"font-family: 'comic sans ms', sans-serif;\">: Animation-D\u00e9gustation du Beaujolais nouveau \u00e0 la porte ouverte organis\u00e9e par notre partenaire G\u00e9rard Ducroux &#8211; Propri\u00e9taire\u00a0R\u00e9coltant &#8211; \u00e0 Saint Joseph en Beaujolais &#8211; Villi\u00e9-Morgon (69)<\/span><\/span><span style=\"color: #000000; font-size: 12pt;\"><span style=\"color: #0000ff;\"><br \/>\n<\/span><\/span><\/strong><\/li>\n<li style=\"text-align: justify;\"><strong><span style=\"color: #000000; font-family: georgia,palatino; font-size: 12pt;\"><em><span style=\"color: #0000ff;\">le\u00a020 novembre 2013<\/span><\/em> <span style=\"font-family: 'comic sans ms', sans-serif;\"><span style=\"color: #ff00ff;\"><span style=\"color: #000000;\">: concert de<\/span><\/span><span style=\"color: #ff00ff;\">\u00a0<em><a style=\"color: #ff00ff;\" title=\"La chorale a chant\u00e9 Dogora\" href=\"https:\/\/silonchantait.fr\/WordPress\/?p=498\">DOGORA<\/a><\/em><\/span>\u00a0; un concert \u00e0 guichet ferm\u00e9 avec plus de 2000 spectateurs, 600 choristes accompagn\u00e9s par l\u2019orchestre symphonique de M\u00e2con et dirig\u00e9 par Eric Geneste. <span style=\"color: #ff0000;\">Une aventure d\u2019une forte intensit\u00e9 musicale et rempli d\u2019\u00e9motion.<img loading=\"lazy\" decoding=\"async\" class=\"aligncenter wp-image-64 size-full\" src=\"https:\/\/silonchantait.fr\/WordPress\/wp-content\/uploads\/2014\/09\/Dogora-JSL.jpg\" alt=\"Dogora JSL\" width=\"664\" height=\"217\" \/><\/span><\/span><\/span><\/strong><\/li>\n<\/ul>\n<ul>\n<li style=\"text-align: justify;\"><strong><span style=\"color: #000000; font-family: georgia,palatino; font-size: 12pt;\"><em><span style=\"color: #0000ff;\">le\u00a017 novembre 2013<\/span><\/em><span style=\"font-family: 'comic sans ms', sans-serif;\"> : participation aux Ap\u00e9ros Concerts organis\u00e9s dans le cadre des 20\u00e8me symphonies d&rsquo;Automne : un public ravi et \u00e9bloui par la vivacit\u00e9 de \u00ab\u00a0Si l&rsquo;on Chantait\u00a0\u00bb<\/span><\/span><\/strong><\/li>\n<\/ul>\n","protected":false},"excerpt":{"rendered":"<p>Une saison 2014-2015 qui s&rsquo;annonce sous les meilleurs auspices\u00a0:\u00a0 le 17 mai 2015 : concert de \u00ab\u00a0Si l&rsquo;on Chantait\u00a0\u00bb en l&rsquo;\u00e9glise de Flac\u00e9 \u00e0 Flac\u00e9 (71) le 11 avril\u00a02015 : concert de \u00ab\u00a0Si l&rsquo;on Chantait\u00a0\u00bb \u00e0 l&rsquo;H\u00f4tel Dieu\u00a0\u00e0 M\u00e2con (71)\u00a0<span class=\"ellipsis\">&hellip;<\/span><\/p>\n<div class=\"read-more\"><a href=\"https:\/\/silonchantait.fr\/WordPress\/concerts\/\">Lire la suite &#8250;<\/a><\/div>\n<p><!-- end of .read-more --><\/p>\n","protected":false},"author":8,"featured_media":0,"parent":0,"menu_order":0,"comment_status":"closed","ping_status":"open","template":"","meta":{"ngg_post_thumbnail":0,"_mc_calendar":[],"footnotes":""},"class_list":["post-295","page","type-page","status-publish","hentry"],"_links":{"self":[{"href":"https:\/\/silonchantait.fr\/WordPress\/wp-json\/wp\/v2\/pages\/295","targetHints":{"allow":["GET"]}}],"collection":[{"href":"https:\/\/silonchantait.fr\/WordPress\/wp-json\/wp\/v2\/pages"}],"about":[{"href":"https:\/\/silonchantait.fr\/WordPress\/wp-json\/wp\/v2\/types\/page"}],"author":[{"embeddable":true,"href":"https:\/\/silonchantait.fr\/WordPress\/wp-json\/wp\/v2\/users\/8"}],"replies":[{"embeddable":true,"href":"https:\/\/silonchantait.fr\/WordPress\/wp-json\/wp\/v2\/comments?post=295"}],"version-history":[{"count":0,"href":"https:\/\/silonchantait.fr\/WordPress\/wp-json\/wp\/v2\/pages\/295\/revisions"}],"wp:attachment":[{"href":"https:\/\/silonchantait.fr\/WordPress\/wp-json\/wp\/v2\/media?parent=295"}],"curies":[{"name":"wp","href":"https:\/\/api.w.org\/{rel}","templated":true}]}}