
{"id":3004,"date":"2015-12-26T19:03:42","date_gmt":"2015-12-26T17:03:42","guid":{"rendered":"http:\/\/silonchantait.fr\/WordPress\/?page_id=3004"},"modified":"2019-01-30T18:02:11","modified_gmt":"2019-01-30T16:02:11","slug":"composition-du-bureau-2015-2016","status":"publish","type":"page","link":"https:\/\/silonchantait.fr\/WordPress\/presentation\/composition-du-bureau-2015-2016\/","title":{"rendered":"Composition du bureau 2015 &#8211; 2016"},"content":{"rendered":"<p><span style=\"color: #0000ff; font-family: comic sans ms,sans-serif; font-size: 12pt;\">Le bureau est \u00e9lu lors de l&rsquo;Assembl\u00e9e G\u00e9n\u00e9rale qui se tient au 4<sup>\u00e8me<\/sup> &nbsp;trimestre de chaque ann\u00e9e.<\/span><\/p>\n<p style=\"text-align: justify;\"><span style=\"font-size: 12pt; font-family: 'comic sans ms', sans-serif;\"><span style=\"color: #000000;\">L&rsquo;Assembl\u00e9e G\u00e9n\u00e9rale s&rsquo;est tenue le&nbsp;13&nbsp;novembre 2015.<\/span><\/span><\/p>\n<p style=\"text-align: justify;\"><span style=\"font-size: 12pt; font-family: 'comic sans ms', sans-serif;\"><span style=\"color: #000000;\">Le bureau \u00e9lu en Assembl\u00e9e G\u00e9n\u00e9rale est heureux d\u2019accueillir un&nbsp;nouveau membre :<\/span> <span style=\"color: #008000;\">R\u00e9gis BRUNOL<\/span>.<span style=\"color: #000000;\">&nbsp;&nbsp;<\/span><\/span><\/p>\n<h5><span style=\"color: #0000ff;\">Composition du bureau<\/span><\/h5>\n<ul>\n<li><span style=\"color: #000000; font-size: 12pt;\"><span style=\"color: #ff0000;\"><strong><em>Pr\u00e9sident<\/em><\/strong><\/span> : <strong>Eric STAMPFER<\/strong><\/span>\n<ul>\n<li><span style=\"color: #000000; font-size: 12pt;\">Vice Pr\u00e9sident :&nbsp;<strong>Georges MOUCHET<\/strong><\/span><\/li>\n<li><span style=\"color: #000000; font-size: 12pt;\">Charg\u00e9 de Communication : <strong>Daniel THOMAS<\/strong><\/span><\/li>\n<\/ul>\n<\/li>\n<li><span style=\"color: #000000; font-size: 12pt;\"><span style=\"color: #ff0000;\"><strong><em>Tr\u00e9sorier<\/em><\/strong><\/span> : <strong>Hubert PARIS<\/strong><\/span>\n<ul>\n<li><span style=\"color: #000000; font-size: 12pt;\">Tr\u00e9sori\u00e8re Adjointe : <strong>Evelyne HUGUET<\/strong><\/span><\/li>\n<\/ul>\n<\/li>\n<li><span style=\"color: #000000; font-size: 12pt;\"><span style=\"color: #ff0000;\"><strong><em>Secr\u00e9taire<\/em><\/strong><\/span> : <strong>Christiane DUBY<\/strong><\/span>\n<ul>\n<li><span style=\"color: #000000; font-size: 12pt;\">S\u00e9cr\u00e9taire Adjointe : <strong>Amandine STAMPFER<\/strong><\/span><\/li>\n<\/ul>\n<\/li>\n<li><span style=\"color: #000000; font-size: 12pt;\"><span style=\"color: #ff0000;\"><strong><em>Membre permanent<\/em><\/strong> <\/span>: <strong>Colette BANANT &#8211; R\u00e9gis BRUNOL &#8211; Roger MARTIN<\/strong><\/span><\/li>\n<\/ul>\n<p><span style=\"font-size: 12pt;\">&nbsp;<\/span><\/p>\n<p><a title=\"Historique du Bureau\" href=\"https:\/\/silonchantait.fr\/WordPress\/?page_id=122\"><em><span style=\"color: #3366ff; font-family: comic sans ms,sans-serif; font-size: 12pt;\"><span style=\"text-decoration: underline;\"><strong><span style=\"text-decoration: underline;\">Historique du Bureau<\/span><\/strong><\/span><\/span><\/em><\/a><\/p>\n<p><em><span style=\"font-family: comic sans ms,sans-serif; font-size: 12pt;\"><a title=\"Pr\u00e9sentation\" href=\"https:\/\/silonchantait.fr\/WordPress\/?page_id=127\"><strong>Retour Pr\u00e9sentation<\/strong><\/a><\/span><\/em><\/p>\n","protected":false},"excerpt":{"rendered":"<p>Le bureau est \u00e9lu lors de l&rsquo;Assembl\u00e9e G\u00e9n\u00e9rale qui se tient au 4\u00e8me &nbsp;trimestre de chaque ann\u00e9e. L&rsquo;Assembl\u00e9e G\u00e9n\u00e9rale s&rsquo;est tenue le&nbsp;13&nbsp;novembre 2015. Le bureau \u00e9lu en Assembl\u00e9e G\u00e9n\u00e9rale est heureux d\u2019accueillir un&nbsp;nouveau membre : R\u00e9gis BRUNOL.&nbsp;&nbsp; Composition du bureau<span class=\"ellipsis\">&hellip;<\/span><\/p>\n<div class=\"read-more\"><a href=\"https:\/\/silonchantait.fr\/WordPress\/presentation\/composition-du-bureau-2015-2016\/\">Lire la suite &#8250;<\/a><\/div>\n<p><!-- end of .read-more --><\/p>\n","protected":false},"author":8,"featured_media":0,"parent":127,"menu_order":0,"comment_status":"closed","ping_status":"closed","template":"","meta":{"ngg_post_thumbnail":0,"_mc_calendar":[],"footnotes":""},"class_list":["post-3004","page","type-page","status-publish","hentry"],"_links":{"self":[{"href":"https:\/\/silonchantait.fr\/WordPress\/wp-json\/wp\/v2\/pages\/3004","targetHints":{"allow":["GET"]}}],"collection":[{"href":"https:\/\/silonchantait.fr\/WordPress\/wp-json\/wp\/v2\/pages"}],"about":[{"href":"https:\/\/silonchantait.fr\/WordPress\/wp-json\/wp\/v2\/types\/page"}],"author":[{"embeddable":true,"href":"https:\/\/silonchantait.fr\/WordPress\/wp-json\/wp\/v2\/users\/8"}],"replies":[{"embeddable":true,"href":"https:\/\/silonchantait.fr\/WordPress\/wp-json\/wp\/v2\/comments?post=3004"}],"version-history":[{"count":0,"href":"https:\/\/silonchantait.fr\/WordPress\/wp-json\/wp\/v2\/pages\/3004\/revisions"}],"up":[{"embeddable":true,"href":"https:\/\/silonchantait.fr\/WordPress\/wp-json\/wp\/v2\/pages\/127"}],"wp:attachment":[{"href":"https:\/\/silonchantait.fr\/WordPress\/wp-json\/wp\/v2\/media?parent=3004"}],"curies":[{"name":"wp","href":"https:\/\/api.w.org\/{rel}","templated":true}]}}