
{"id":3979,"date":"2017-11-30T16:40:57","date_gmt":"2017-11-30T14:40:57","guid":{"rendered":"http:\/\/silonchantait.fr\/WordPress\/?page_id=3979"},"modified":"2019-01-30T18:04:21","modified_gmt":"2019-01-30T16:04:21","slug":"composition-du-bureau-2017-2018","status":"publish","type":"page","link":"https:\/\/silonchantait.fr\/WordPress\/presentation\/composition-du-bureau-2018-2019\/composition-du-bureau-2017-2018\/","title":{"rendered":"Composition du bureau 2017 &#8211; 2018"},"content":{"rendered":"<p><span style=\"color: #0000ff; font-family: 'comic sans ms', sans-serif; font-size: 12pt;\">Le bureau est \u00e9lu lors de l&rsquo;Assembl\u00e9e G\u00e9n\u00e9rale qui se tient au 4<sup>\u00e8me<\/sup> &nbsp;trimestre de chaque ann\u00e9e.<\/span><\/p>\n<p>&nbsp;<\/p>\n<p style=\"text-align: justify;\"><span style=\"font-size: 12pt; font-family: 'comic sans ms', sans-serif;\"><span style=\"color: #000000;\">L&rsquo;Assembl\u00e9e G\u00e9n\u00e9rale s&rsquo;est tenue le 24 novembre 2017.<\/span><\/span><\/p>\n<p>&nbsp;<\/p>\n<p style=\"text-align: justify;\"><span style=\"color: #0000ff; font-size: 12pt; font-weight: 600;\">Composition du bureau<\/span><\/p>\n<ul>\n<li><span style=\"color: #000000; font-size: 12pt;\"><span style=\"color: #ff0000;\"><strong><em>Pr\u00e9sident<\/em><\/strong><\/span> : <strong>Eric STAMPFER<\/strong><\/span>\n<ul>\n<li><span style=\"color: #000000; font-size: 12pt;\"><span style=\"color: #008000;\">Vice Pr\u00e9sident<\/span> :&nbsp;<strong>Georges MOUCHET<\/strong><\/span><\/li>\n<li><span style=\"color: #000000; font-size: 12pt;\"><span style=\"color: #008000;\">Charg\u00e9 de Communication<\/span> : <strong>Daniel THOMAS<\/strong><\/span><\/li>\n<\/ul>\n<\/li>\n<li><span style=\"color: #000000; font-size: 12pt;\"><span style=\"color: #ff0000;\"><strong><em>Tr\u00e9sorier<\/em><\/strong><\/span> : <strong>Hubert PARIS<\/strong><\/span>\n<ul>\n<li><span style=\"color: #000000; font-size: 12pt;\"><span style=\"color: #008000;\">Tr\u00e9sori\u00e8re Adjointe<\/span> : <strong>Evelyne HUGUET<\/strong><\/span><\/li>\n<\/ul>\n<\/li>\n<li><span style=\"color: #000000; font-size: 12pt;\"><span style=\"color: #ff0000;\"><strong><em>Secr\u00e9taire<\/em><\/strong><\/span> : <strong>Christiane DUBY<\/strong><\/span>\n<ul>\n<li><span style=\"color: #000000; font-size: 12pt;\"><span style=\"color: #008000;\">S\u00e9cr\u00e9taire Adjointe<\/span> : <strong>Amandine STAMPFER<\/strong><\/span><\/li>\n<\/ul>\n<\/li>\n<li><span style=\"font-size: 12pt;\"><strong><span style=\"color: #ff0000;\"><em>Charg\u00e9 de l\u2019accueil des nouveaux arrivants<\/em><\/span><\/strong>&nbsp;<span style=\"color: #000000;\">:<strong> Denise AIGUIER et&nbsp;R\u00e9gis BRUNOL&nbsp;<\/strong><\/span><\/span><\/li>\n<li><span style=\"font-size: 12pt;\"><span style=\"color: #ff0000;\"><strong><em>Membre permanent<\/em><\/strong><\/span> <span style=\"color: #000000;\">: <strong>Colette BANANT &#8211; Roger MARTIN<\/strong><\/span><\/span><\/li>\n<\/ul>\n<p><span style=\"font-size: 12pt;\">&nbsp;<\/span><\/p>\n<p><span style=\"font-size: 12pt;\"><a title=\"Historique du Bureau\" href=\"https:\/\/silonchantait.fr\/WordPress\/?page_id=122\"><em><span style=\"color: #3366ff; font-family: 'comic sans ms', sans-serif;\"><span style=\"text-decoration: underline;\"><strong>Historique du Bureau<\/strong><\/span><\/span><\/em><\/a><\/span><\/p>\n<p><span style=\"font-size: 12pt;\"><em><span style=\"font-family: 'comic sans ms', sans-serif;\"><a title=\"Pr\u00e9sentation\" href=\"https:\/\/silonchantait.fr\/WordPress\/?page_id=127\"><strong>Retour Pr\u00e9sentation<\/strong><\/a><\/span><\/em><\/span><\/p>\n<p>&nbsp;<\/p>\n","protected":false},"excerpt":{"rendered":"<p>Le bureau est \u00e9lu lors de l&rsquo;Assembl\u00e9e G\u00e9n\u00e9rale qui se tient au 4\u00e8me &nbsp;trimestre de chaque ann\u00e9e. &nbsp; L&rsquo;Assembl\u00e9e G\u00e9n\u00e9rale s&rsquo;est tenue le 24 novembre 2017. &nbsp; Composition du bureau Pr\u00e9sident : Eric STAMPFER Vice Pr\u00e9sident :&nbsp;Georges MOUCHET Charg\u00e9 de<span class=\"ellipsis\">&hellip;<\/span><\/p>\n<div class=\"read-more\"><a href=\"https:\/\/silonchantait.fr\/WordPress\/presentation\/composition-du-bureau-2018-2019\/composition-du-bureau-2017-2018\/\">Lire la suite &#8250;<\/a><\/div>\n<p><!-- end of .read-more --><\/p>\n","protected":false},"author":8,"featured_media":0,"parent":3984,"menu_order":0,"comment_status":"closed","ping_status":"closed","template":"","meta":{"ngg_post_thumbnail":0,"_mc_calendar":[],"footnotes":""},"class_list":["post-3979","page","type-page","status-publish","hentry"],"_links":{"self":[{"href":"https:\/\/silonchantait.fr\/WordPress\/wp-json\/wp\/v2\/pages\/3979","targetHints":{"allow":["GET"]}}],"collection":[{"href":"https:\/\/silonchantait.fr\/WordPress\/wp-json\/wp\/v2\/pages"}],"about":[{"href":"https:\/\/silonchantait.fr\/WordPress\/wp-json\/wp\/v2\/types\/page"}],"author":[{"embeddable":true,"href":"https:\/\/silonchantait.fr\/WordPress\/wp-json\/wp\/v2\/users\/8"}],"replies":[{"embeddable":true,"href":"https:\/\/silonchantait.fr\/WordPress\/wp-json\/wp\/v2\/comments?post=3979"}],"version-history":[{"count":0,"href":"https:\/\/silonchantait.fr\/WordPress\/wp-json\/wp\/v2\/pages\/3979\/revisions"}],"up":[{"embeddable":true,"href":"https:\/\/silonchantait.fr\/WordPress\/wp-json\/wp\/v2\/pages\/3984"}],"wp:attachment":[{"href":"https:\/\/silonchantait.fr\/WordPress\/wp-json\/wp\/v2\/media?parent=3979"}],"curies":[{"name":"wp","href":"https:\/\/api.w.org\/{rel}","templated":true}]}}