
{"id":3984,"date":"2018-10-20T17:12:19","date_gmt":"2018-10-20T15:12:19","guid":{"rendered":"http:\/\/silonchantait.fr\/WordPress\/?page_id=3984"},"modified":"2019-01-30T18:02:50","modified_gmt":"2019-01-30T16:02:50","slug":"composition-du-bureau-2018-2019","status":"publish","type":"page","link":"https:\/\/silonchantait.fr\/WordPress\/presentation\/composition-du-bureau-2018-2019\/","title":{"rendered":"Composition du bureau 2018 &#8211; 2019"},"content":{"rendered":"<p><span style=\"color: #0000ff; font-family: comic sans ms,sans-serif; font-size: 12pt;\">Le bureau est \u00e9lu lors de l&rsquo;Assembl\u00e9e G\u00e9n\u00e9rale qui se tient au 4<sup>\u00e8me<\/sup> &nbsp;trimestre de chaque ann\u00e9e.<\/span><\/p>\n<p style=\"text-align: justify;\"><span style=\"font-size: 12pt; font-family: 'comic sans ms', sans-serif;\"><span style=\"color: #000000;\">Lors de l&rsquo;Assembl\u00e9e G\u00e9n\u00e9rale du 12 octobre 2018,<\/span> <span style=\"color: #008000;\">Georges MOUCHET<\/span><span style=\"color: #000000;\"> (Vice Pr\u00e9sident de 2014 \u00e0 2018) et<\/span> <span style=\"color: #008000;\">Hubert PARIS&nbsp;<\/span><span style=\"color: #000000;\">(Secr\u00e9taire&nbsp;de 2007 \u00e0 2018) ont souhait\u00e9&nbsp;ne pas se repr\u00e9senter \u00e0 l\u2019\u00e9lection du conseil d\u2019administration de la chorale \u00ab\u00a0Sil l\u2019on Chantait\u00a0\u00bb.<\/span><\/span><\/p>\n<p style=\"text-align: justify;\"><span style=\"font-size: 12pt; font-family: 'comic sans ms', sans-serif;\"><span style=\"color: #000000;\">Les membres du bureau et l\u2019ensemble des choristes leur rendent hommage pour leur engagement tout au long de leur mandat. Une attention toute particuli\u00e8re pour<\/span> <span style=\"color: #008000;\">Hubert PARIS<\/span> <span style=\"color: #000000;\">qui, par son implication durant toutes ces ann\u00e9es, a fait preuve d&rsquo;une tr\u00e8s grande rigueur dans la gestion financi\u00e8re de l&rsquo;association en exer\u00e7ant son r\u00f4le de conseil avec brio.<\/span><\/span><\/p>\n<p style=\"text-align: justify;\"><span style=\"font-size: 12pt; font-family: 'comic sans ms', sans-serif;\"><span style=\"color: #000000;\">Le bureau \u00e9lu en Assembl\u00e9e G\u00e9n\u00e9rale est heureux d\u2019accueillir deux nouveaux membres :<\/span> <span style=\"color: #008000;\">Sylvie GAUDINET<\/span><span style=\"color: #000000;\">&nbsp;et<\/span> <span style=\"color: #008000;\">Daniel CHEVALIER<\/span>.<span style=\"color: #000000;\"> Bienvenue \u00e0 vous deux. &nbsp;<\/span><\/span><\/p>\n<h5><span style=\"color: #0000ff; font-size: 12pt;\">Composition du bureau<\/span><\/h5>\n<ul>\n<li><span style=\"color: #000000; font-size: 12pt;\"><span style=\"color: #ff0000;\"><strong><em>Pr\u00e9sident<\/em><\/strong><\/span> : <strong>Eric STAMPFER<\/strong><\/span>\n<ul>\n<li><span style=\"color: #000000; font-size: 12pt;\">Vice Pr\u00e9sident : <strong>R\u00e9gis BRUNOL<\/strong><\/span><\/li>\n<li><span style=\"color: #000000; font-size: 12pt;\">Charg\u00e9 de Communication : <strong>Daniel THOMAS<\/strong><\/span><\/li>\n<\/ul>\n<\/li>\n<li><span style=\"color: #000000; font-size: 12pt;\"><span style=\"color: #ff0000;\"><strong><em>Tr\u00e9sorier<\/em><\/strong><\/span> : <strong>Evelyne HUGUET<\/strong><\/span>\n<ul>\n<li><span style=\"color: #000000; font-size: 12pt;\">Tr\u00e9sori\u00e8re Adjointe : <strong>Sylvie GAUDINET<\/strong><\/span><\/li>\n<\/ul>\n<\/li>\n<li><span style=\"color: #000000; font-size: 12pt;\"><span style=\"color: #ff0000;\"><strong><em>Secr\u00e9taire<\/em><\/strong><\/span> : <strong>Christiane DUBY<\/strong><\/span>\n<ul>\n<li><span style=\"color: #000000; font-size: 12pt;\">S\u00e9cr\u00e9taire Adjointe : <strong>Amandine STAMPFER<\/strong><\/span><\/li>\n<\/ul>\n<\/li>\n<li><span style=\"font-size: 12pt;\"><strong><span style=\"color: #ff0000;\"><em>Charg\u00e9 de l\u2019accueil des nouveaux arrivants et de la bienveillance<\/em><\/span><\/strong>&nbsp;<span style=\"color: #000000;\">:<strong> Denise AIGUIER&nbsp;<\/strong><\/span><\/span><\/li>\n<li><span style=\"font-size: 12pt;\"><span style=\"color: #ff0000;\"><strong><em>Membre permanent<\/em><\/strong><\/span> <span style=\"color: #000000;\">: <strong>Daniel CHEVALIER &#8211; Roger MARTIN<\/strong><\/span><\/span><\/li>\n<\/ul>\n","protected":false},"excerpt":{"rendered":"<p>Le bureau est \u00e9lu lors de l&rsquo;Assembl\u00e9e G\u00e9n\u00e9rale qui se tient au 4\u00e8me &nbsp;trimestre de chaque ann\u00e9e. Lors de l&rsquo;Assembl\u00e9e G\u00e9n\u00e9rale du 12 octobre 2018, Georges MOUCHET (Vice Pr\u00e9sident de 2014 \u00e0 2018) et Hubert PARIS&nbsp;(Secr\u00e9taire&nbsp;de 2007 \u00e0 2018) ont<span class=\"ellipsis\">&hellip;<\/span><\/p>\n<div class=\"read-more\"><a href=\"https:\/\/silonchantait.fr\/WordPress\/presentation\/composition-du-bureau-2018-2019\/\">Lire la suite &#8250;<\/a><\/div>\n<p><!-- end of .read-more --><\/p>\n","protected":false},"author":8,"featured_media":0,"parent":127,"menu_order":0,"comment_status":"closed","ping_status":"closed","template":"","meta":{"ngg_post_thumbnail":0,"_mc_calendar":[],"footnotes":""},"class_list":["post-3984","page","type-page","status-publish","hentry"],"_links":{"self":[{"href":"https:\/\/silonchantait.fr\/WordPress\/wp-json\/wp\/v2\/pages\/3984","targetHints":{"allow":["GET"]}}],"collection":[{"href":"https:\/\/silonchantait.fr\/WordPress\/wp-json\/wp\/v2\/pages"}],"about":[{"href":"https:\/\/silonchantait.fr\/WordPress\/wp-json\/wp\/v2\/types\/page"}],"author":[{"embeddable":true,"href":"https:\/\/silonchantait.fr\/WordPress\/wp-json\/wp\/v2\/users\/8"}],"replies":[{"embeddable":true,"href":"https:\/\/silonchantait.fr\/WordPress\/wp-json\/wp\/v2\/comments?post=3984"}],"version-history":[{"count":0,"href":"https:\/\/silonchantait.fr\/WordPress\/wp-json\/wp\/v2\/pages\/3984\/revisions"}],"up":[{"embeddable":true,"href":"https:\/\/silonchantait.fr\/WordPress\/wp-json\/wp\/v2\/pages\/127"}],"wp:attachment":[{"href":"https:\/\/silonchantait.fr\/WordPress\/wp-json\/wp\/v2\/media?parent=3984"}],"curies":[{"name":"wp","href":"https:\/\/api.w.org\/{rel}","templated":true}]}}