
{"id":633,"date":"2014-09-21T22:04:06","date_gmt":"2014-09-21T22:04:06","guid":{"rendered":"http:\/\/silonchantait.fr\/WordPress\/?page_id=633"},"modified":"2026-02-14T14:20:56","modified_gmt":"2026-02-14T12:20:56","slug":"notre-chef-de-choeur","status":"publish","type":"page","link":"https:\/\/silonchantait.fr\/WordPress\/wordpress\/notre-chef-de-choeur\/","title":{"rendered":"Notre Chef de Ch\u0153ur"},"content":{"rendered":"<p style=\"text-align: justify;\"><span style=\"color: #000000; font-family: comic sans ms,sans-serif; font-size: 12pt;\">Titulaire d\u2019une ma\u00eetrise de Musicologie et d\u2019un DEM de Formation Musicale, <span style=\"color: #ff00ff;\"><strong><em>Olivia GALLINA<\/em><\/strong><\/span> enseigne le chant et dirige des ensembles vocaux depuis 35 ans.<\/span><\/p>\n<p style=\"text-align: justify;\"><span style=\"color: transparent;\">a<\/span><\/p>\n<p style=\"text-align: justify;\"><span style=\"font-family: comic sans ms,sans-serif; font-size: 12pt;\"><span style=\"color: #000000;\">Originaire de Marseille,<\/span> <span style=\"color: #ff00ff;\"><strong><em>Olivia GALLINA<\/em><\/strong> <\/span><span style=\"color: #000000;\">a forg\u00e9 son exp\u00e9rience professionnelle tout au long de son parcours au sein de formations musicales :<\/span><\/span><\/p>\n<ul style=\"text-align: justify;\">\n<li><span style=\"color: #0000ff; font-family: comic sans ms,sans-serif; font-size: 12pt;\">choriste au Ch\u0153ur Philharmonique de l\u2019Op\u00e9ra de Marseille<\/span><\/li>\n<li><span style=\"color: #0000ff; font-family: comic sans ms,sans-serif; font-size: 12pt;\">de nombreuses op\u00e9rettes \u00e0 Marseille, Arles, Toulon et Menton<\/span><\/li>\n<li><span style=\"color: #0000ff; font-family: comic sans ms,sans-serif; font-size: 12pt;\">4 ans de direction de ch\u0153ur au Concervatoire National R\u00e9gional \u00ab\u00a0Pierre Barbizet \u00ab\u00a0de Marseille avec Roland HAYRABEDIAN (Cr\u00e9ateur du Groupe \u00ab\u00a0Musicatreize\u00a0\u00bb)<\/span><\/li>\n<\/ul>\n<p style=\"text-align: justify;\"><span style=\"font-family: comic sans ms,sans-serif; font-size: 12pt;\"><span style=\"color: #000000;\">Depuis 2009,<\/span> <span style=\"color: #ff00ff;\"><strong><em>Olivia GALLINA<\/em><\/strong> <\/span><span style=\"color: #000000;\">s&rsquo;est int\u00e9gr\u00e9e rapidement dans l&rsquo;univers musical de la r\u00e9gion M\u00e2connaise :<\/span><\/span><\/p>\n<ul style=\"text-align: justify;\">\n<li><span style=\"color: #0000ff; font-family: comic sans ms,sans-serif; font-size: 12pt;\">en rejoignant le Conservatoire de M\u00e2con et sa chorale \u00ab\u00a0La Cantoria\u00a0\u00bb<\/span><\/li>\n<li><span style=\"color: #0000ff; font-family: comic sans ms,sans-serif; font-size: 12pt;\">en gagnant le c\u0153ur de plusieurs chorales des alentours<\/span><\/li>\n<\/ul>\n<p style=\"text-align: justify;\"><span style=\"color: #000000; font-family: comic sans ms,sans-serif; font-size: 12pt;\">Elle dirige les chorales \u00ab\u00a0Si l&rsquo;on chantait\u00a0\u00bb de Sanc\u00e9 (71), \u00ab\u00a0La Cantalaronne\u00a0\u00bb de Saint-Didier sur Chalaronne , la \u00ab\u00a0Val Sa\u00f4noise\u00a0\u00bb de Feillens (01), le Groupe \u00ab\u00a0Solid&rsquo;air\u00a0\u00bb et la chorale \u00ab\u00a0Atout Choeur\u00a0\u00bb \u00e0 M\u00e2con (71)<\/span><\/p>\n<p style=\"text-align: justify;\"><span style=\"font-family: comic sans ms,sans-serif; font-size: 12pt;\"><span style=\"color: #ff00ff;\"><strong><em>Olivia GALLINA<\/em><\/strong> <\/span><span style=\"color: #000000;\">dispense \u00e9galement des cours de chant collectifs et de technique vocale en travaillant diff\u00e9rents styles de la vari\u00e9t\u00e9 \u00e0 l&rsquo;Op\u00e9ra \u00e0 la <a style=\"color: #000000;\" title=\"MJC H\u00e9ritant\" href=\"http:\/\/mjc-heritanmacon.org\/index.php\/activites\/musique\" target=\"_blank\" rel=\"noopener noreferrer\"><em>Maison des Jeunes et de la Culture de l&rsquo;H\u00e9ritan&nbsp; <\/em><em>(MJC l&rsquo;h\u00e9ritan)<\/em><\/a><\/span>.<\/span><\/p>\n<p style=\"text-align: justify;\"><span style=\"color: transparent;\">a<\/span><\/p>\n<p style=\"text-align: justify;\"><span style=\"font-family: comic sans ms,sans-serif; font-size: 12pt;\"><span style=\"color: #000000;\">En partenariat avec la MJC,<\/span> <span style=\"color: #ff00ff;\"><strong><em>Olivia GALLINA<\/em><\/strong> <\/span><span style=\"color: #000000;\">:<\/span><\/span><\/p>\n<ul>\n<li style=\"list-style-type: none;\">\n<ul>\n<li style=\"text-align: justify;\"><span style=\"color: #0000ff; font-family: comic sans ms,sans-serif; font-size: 12pt;\">a anim\u00e9 des classes de maternelles et primaires \u00e0 la rentr\u00e9e de septembre 2014, dans le cadre des \u00ab\u00a0Temps d&rsquo;Activit\u00e9s P\u00e9riscolaires\u00a0\u00bb<\/span><\/li>\n<li style=\"text-align: justify;\"><span style=\"color: #0000ff; font-family: comic sans ms,sans-serif; font-size: 12pt;\">a cr\u00e9e et dirig\u00e9 une chorale&nbsp; au Lyc\u00e9e Viticole de Davay\u00e9 , au Lyc\u00e9e Dumaine et&nbsp; Lyc\u00e9e Cassin de M\u00e2con<br \/>\n<\/span><\/li>\n<\/ul>\n<\/li>\n<\/ul>\n<ul>\n<li style=\"list-style-type: none;\">\n<ul>\n<li><span style=\"color: #0000ff; font-family: comic sans ms,sans-serif; font-size: 12pt;\">a cr\u00e9e un groupe de chant au sein de&nbsp; l&rsquo;association \u00ab\u00a0les F\u00e9es Papillons\u00a0\u00bb, association qui accompagne, par le biais de m\u00e9decines douces, les personnes qui ont eu un cancer ou sont toujours en traitement.<\/span><\/li>\n<\/ul>\n<\/li>\n<\/ul>\n","protected":false},"excerpt":{"rendered":"<p>Titulaire d\u2019une ma\u00eetrise de Musicologie et d\u2019un DEM de Formation Musicale, Olivia GALLINA enseigne le chant et dirige des ensembles vocaux depuis 35 ans. a Originaire de Marseille, Olivia GALLINA a forg\u00e9 son exp\u00e9rience professionnelle tout au long de son<span class=\"ellipsis\">&hellip;<\/span><\/p>\n<div class=\"read-more\"><a href=\"https:\/\/silonchantait.fr\/WordPress\/wordpress\/notre-chef-de-choeur\/\">Lire la suite &#8250;<\/a><\/div>\n<p><!-- end of .read-more --><\/p>\n","protected":false},"author":8,"featured_media":0,"parent":887,"menu_order":0,"comment_status":"closed","ping_status":"open","template":"","meta":{"ngg_post_thumbnail":0,"_mc_calendar":[],"footnotes":""},"class_list":["post-633","page","type-page","status-publish","hentry"],"_links":{"self":[{"href":"https:\/\/silonchantait.fr\/WordPress\/wp-json\/wp\/v2\/pages\/633","targetHints":{"allow":["GET"]}}],"collection":[{"href":"https:\/\/silonchantait.fr\/WordPress\/wp-json\/wp\/v2\/pages"}],"about":[{"href":"https:\/\/silonchantait.fr\/WordPress\/wp-json\/wp\/v2\/types\/page"}],"author":[{"embeddable":true,"href":"https:\/\/silonchantait.fr\/WordPress\/wp-json\/wp\/v2\/users\/8"}],"replies":[{"embeddable":true,"href":"https:\/\/silonchantait.fr\/WordPress\/wp-json\/wp\/v2\/comments?post=633"}],"version-history":[{"count":3,"href":"https:\/\/silonchantait.fr\/WordPress\/wp-json\/wp\/v2\/pages\/633\/revisions"}],"predecessor-version":[{"id":10528,"href":"https:\/\/silonchantait.fr\/WordPress\/wp-json\/wp\/v2\/pages\/633\/revisions\/10528"}],"up":[{"embeddable":true,"href":"https:\/\/silonchantait.fr\/WordPress\/wp-json\/wp\/v2\/pages\/887"}],"wp:attachment":[{"href":"https:\/\/silonchantait.fr\/WordPress\/wp-json\/wp\/v2\/media?parent=633"}],"curies":[{"name":"wp","href":"https:\/\/api.w.org\/{rel}","templated":true}]}}